{"id":2,"date":"2023-02-06T18:14:02","date_gmt":"2023-02-06T18:14:02","guid":{"rendered":"https:\/\/brimsaindustrial.com.mx\/?page_id=2"},"modified":"2024-06-11T00:50:07","modified_gmt":"2024-06-11T00:50:07","slug":"sample-page","status":"publish","type":"page","link":"https:\/\/brimsaindustrial.com.mx\/","title":{"rendered":"Inicio"},"content":{"rendered":"\t\t<div data-elementor-type=\"wp-page\" data-elementor-id=\"2\" class=\"elementor elementor-2\">\n\t\t\t\t\t\t<section class=\"elementor-section elementor-top-section elementor-element elementor-element-6ce8b2b elementor-section-boxed elementor-section-height-default elementor-section-height-default\" data-id=\"6ce8b2b\" data-element_type=\"section\">\n\t\t\t\t\t\t<div class=\"elementor-container elementor-column-gap-default\">\n\t\t\t\t\t<div class=\"elementor-column elementor-col-100 elementor-top-column elementor-element elementor-element-9c93964\" data-id=\"9c93964\" data-element_type=\"column\">\n\t\t\t<div class=\"elementor-widget-wrap elementor-element-populated\">\n\t\t\t\t\t\t<div class=\"elementor-element elementor-element-53f7b85 elementor-widget elementor-widget-spacer\" data-id=\"53f7b85\" data-element_type=\"widget\" data-widget_type=\"spacer.default\">\n\t\t\t\t<div class=\"elementor-widget-container\">\n\t\t\t\t\t\t\t<div class=\"elementor-spacer\">\n\t\t\t<div class=\"elementor-spacer-inner\"><\/div>\n\t\t<\/div>\n\t\t\t\t\t\t<\/div>\n\t\t\t\t<\/div>\n\t\t\t\t\t<\/div>\n\t\t<\/div>\n\t\t\t\t\t<\/div>\n\t\t<\/section>\n\t\t\t\t<section class=\"elementor-section elementor-top-section elementor-element elementor-element-f27ee30 elementor-section-stretched elementor-section-boxed elementor-section-height-default elementor-section-height-default elementor-invisible\" data-id=\"f27ee30\" data-element_type=\"section\" data-settings=\"{&quot;stretch_section&quot;:&quot;section-stretched&quot;,&quot;animation&quot;:&quot;fadeInLeft&quot;}\">\n\t\t\t\t\t\t<div class=\"elementor-container elementor-column-gap-default\">\n\t\t\t\t\t<div class=\"elementor-column elementor-col-50 elementor-top-column elementor-element elementor-element-343f728\" data-id=\"343f728\" data-element_type=\"column\" data-settings=\"{&quot;background_background&quot;:&quot;classic&quot;}\">\n\t\t\t<div class=\"elementor-widget-wrap elementor-element-populated\">\n\t\t\t\t\t\t<div class=\"elementor-element elementor-element-cdd45f8 elementor-widget elementor-widget-text-editor\" data-id=\"cdd45f8\" data-element_type=\"widget\" data-widget_type=\"text-editor.default\">\n\t\t\t\t<div class=\"elementor-widget-container\">\n\t\t\t\t\t\t\t\t\t<p class=\"Estilo24 Estilo25\">En Brimsa Industrial nos preocupamos por las necesidades e intereses de nuestros clientes es por eso que ofrecemos un servicio de calidad con precios competitivos, de igual manera retomamos el lema \u00ablo hecho en M\u00e9xico esta bien hecho\u00bb.<\/p>\t\t\t\t\t\t\t\t<\/div>\n\t\t\t\t<\/div>\n\t\t\t\t\t<\/div>\n\t\t<\/div>\n\t\t\t\t<div class=\"elementor-column elementor-col-50 elementor-top-column elementor-element elementor-element-7ef744a\" data-id=\"7ef744a\" data-element_type=\"column\" data-settings=\"{&quot;background_background&quot;:&quot;classic&quot;}\">\n\t\t\t<div class=\"elementor-widget-wrap elementor-element-populated\">\n\t\t\t\t\t\t<div class=\"elementor-element elementor-element-85d00b3 elementor-widget elementor-widget-image\" data-id=\"85d00b3\" data-element_type=\"widget\" data-widget_type=\"image.default\">\n\t\t\t\t<div class=\"elementor-widget-container\">\n\t\t\t\t\t\t\t\t\t\t\t\t\t\t\t<img decoding=\"async\" src=\"https:\/\/brimsaindustrial.com.mx\/wp-content\/uploads\/elementor\/thumbs\/hecho-en-mexico-01-q1s753eqsqu9c8shb8f6bv38civlhiapv9uf6moiei.png\" title=\"hecho-en-mexico-01\" alt=\"hecho-en-mexico-01\" loading=\"lazy\" \/>\t\t\t\t\t\t\t\t\t\t\t\t\t\t\t<\/div>\n\t\t\t\t<\/div>\n\t\t\t\t\t<\/div>\n\t\t<\/div>\n\t\t\t\t\t<\/div>\n\t\t<\/section>\n\t\t\t\t<section class=\"elementor-section elementor-top-section elementor-element elementor-element-c864563 elementor-section-stretched elementor-section-boxed elementor-section-height-default elementor-section-height-default elementor-invisible\" data-id=\"c864563\" data-element_type=\"section\" data-settings=\"{&quot;stretch_section&quot;:&quot;section-stretched&quot;,&quot;animation&quot;:&quot;fadeInRight&quot;}\">\n\t\t\t\t\t\t<div class=\"elementor-container elementor-column-gap-default\">\n\t\t\t\t\t<div class=\"elementor-column elementor-col-100 elementor-top-column elementor-element elementor-element-b0cf795\" data-id=\"b0cf795\" data-element_type=\"column\" data-settings=\"{&quot;background_background&quot;:&quot;classic&quot;}\">\n\t\t\t<div class=\"elementor-widget-wrap elementor-element-populated\">\n\t\t\t\t\t\t<div class=\"elementor-element elementor-element-aaa909a elementor-widget elementor-widget-text-editor\" data-id=\"aaa909a\" data-element_type=\"widget\" data-widget_type=\"text-editor.default\">\n\t\t\t\t<div class=\"elementor-widget-container\">\n\t\t\t\t\t\t\t\t\t<p class=\"Estilo24 Estilo25\"><span class=\"Estilo26\"><strong>BRIMSA INDUSTRIAL<\/strong>, empresa 100% Mexicana, dedicada a la comercializaci\u00f3n de diversos materiales y productos de distintas marcas, para diversos sectores industriales.<\/span><\/p><p class=\"Estilo27\">Servicio de Ingenier\u00eda Industrial y dise\u00f1o de partes y piezas industriales espec\u00edficas.<\/p><p class=\"Estilo27\" align=\"justify\">Fabricaci\u00f3n de: Equipos especiales en acero inoxidable, Guardas para transmisiones, Tolvas Transportadores, Bandas transportadoras, Canceleria, Transportadores, Canceleria, Escaleras marinas, Estructuras para mangas, Colectores de polvo, rectas (moviles o fijas), Estructuras para mangas, Levas Manifolds, Marmitas, Levas, Manifolds, Tanques ,Plataformas, Pasos de gato, Tuberia, Barandales, Anaqueles, Racks, Tarjas, Soldadura en general.<\/p><p><strong>Contamos con ventas al mayoreo y menudeo.<\/strong><\/p>\t\t\t\t\t\t\t\t<\/div>\n\t\t\t\t<\/div>\n\t\t\t\t\t<\/div>\n\t\t<\/div>\n\t\t\t\t\t<\/div>\n\t\t<\/section>\n\t\t\t\t<\/div>\n\t\t","protected":false},"excerpt":{"rendered":"<p>En Brimsa Industrial nos preocupamos por las necesidades e intereses de nuestros clientes es por eso que ofrecemos un servicio de calidad con precios competitivos, de igual manera retomamos el lema \u00ablo hecho en M\u00e9xico esta bien hecho\u00bb. BRIMSA INDUSTRIAL, empresa 100% Mexicana, dedicada a la comercializaci\u00f3n de diversos materiales y productos de distintas marcas,&hellip; <a class=\"more-link\" href=\"https:\/\/brimsaindustrial.com.mx\/\">Seguir leyendo <span class=\"screen-reader-text\">Inicio<\/span><\/a><\/p>\n","protected":false},"author":1,"featured_media":0,"parent":0,"menu_order":0,"comment_status":"closed","ping_status":"closed","template":"","meta":{"footnotes":""},"class_list":["post-2","page","type-page","status-publish","hentry","entry"],"_links":{"self":[{"href":"https:\/\/brimsaindustrial.com.mx\/index.php\/wp-json\/wp\/v2\/pages\/2","targetHints":{"allow":["GET"]}}],"collection":[{"href":"https:\/\/brimsaindustrial.com.mx\/index.php\/wp-json\/wp\/v2\/pages"}],"about":[{"href":"https:\/\/brimsaindustrial.com.mx\/index.php\/wp-json\/wp\/v2\/types\/page"}],"author":[{"embeddable":true,"href":"https:\/\/brimsaindustrial.com.mx\/index.php\/wp-json\/wp\/v2\/users\/1"}],"replies":[{"embeddable":true,"href":"https:\/\/brimsaindustrial.com.mx\/index.php\/wp-json\/wp\/v2\/comments?post=2"}],"version-history":[{"count":49,"href":"https:\/\/brimsaindustrial.com.mx\/index.php\/wp-json\/wp\/v2\/pages\/2\/revisions"}],"predecessor-version":[{"id":765,"href":"https:\/\/brimsaindustrial.com.mx\/index.php\/wp-json\/wp\/v2\/pages\/2\/revisions\/765"}],"wp:attachment":[{"href":"https:\/\/brimsaindustrial.com.mx\/index.php\/wp-json\/wp\/v2\/media?parent=2"}],"curies":[{"name":"wp","href":"https:\/\/api.w.org\/{rel}","templated":true}]}}